{"id":2151,"date":"2023-09-07T10:55:05","date_gmt":"2023-09-07T07:55:05","guid":{"rendered":"https:\/\/vortexeesti.ee\/?post_type=product&#038;p=2151"},"modified":"2025-07-31T15:19:48","modified_gmt":"2025-07-31T12:19:48","slug":"desert-tech-srs-m2","status":"publish","type":"product","link":"https:\/\/vortexeesti.ee\/en\/shop\/relvad\/desert-tech-srs-m2\/","title":{"rendered":"Desert Tech SRS-M2"},"content":{"rendered":"<p class=\"qtranxs-available-languages-message qtranxs-available-languages-message-en\">Sorry, this entry is only available in <a href=\"https:\/\/vortexeesti.ee\/et\/wp-json\/wp\/v2\/product\/2151\" class=\"qtranxs-available-language-link qtranxs-available-language-link-et\" title=\"Eesti\">Eesti<\/a>.<\/p><p>Kaliibrivalik:<\/p>\n<p>.300 Remington Ultra Magnum,<br \/>\n.300 Winchester Magnum<br \/>\n.308 Winchester<br \/>\n.338 Lapua Magnum<br \/>\n6,5 mm Creedmoor<\/p>\n<p>Relva pikkus 830 &#8211; 940 mm<br \/>\nRelva kaal: 3990 &#8211; 4300 g<br \/>\nOptikaliist t\u00e4isulatuses Picatinny kaldenurgaga 30 MOA<br \/>\nLaes\u00e4\u00e4r alumine osa t\u00e4isulatuses Arca, kell 3, 6 ja 9 MLok<br \/>\nP\u00e4\u00e4stik \u00fches\u00fcsteemne reguleerimisvahemikuga 2 &#8211; 5 lbs<\/p>","protected":false},"excerpt":{"rendered":"<p>Sorry, this entry is only available in Eesti.Kaliibrivalik: .300 Remington Ultra Magnum, .300 Winchester Magnum .308 Winchester .338 Lapua Magnum 6,5 mm Creedmoor Relva pikkus 830 &#8211; 940 mm Relva kaal: 3990 &#8211; 4300 g Optikaliist t\u00e4isulatuses Picatinny kaldenurgaga 30 MOA Laes\u00e4\u00e4r alumine osa t\u00e4isulatuses Arca, kell 3, 6 ja 9 MLok P\u00e4\u00e4stik \u00fches\u00fcsteemne reguleerimisvahemikuga [&hellip;]<\/p>\n","protected":false},"featured_media":2155,"template":"","meta":{"_monsterinsights_skip_tracking":false,"_monsterinsights_sitenote_active":false,"_monsterinsights_sitenote_note":"","_monsterinsights_sitenote_category":0},"product_brand":[],"product_cat":[151],"product_tag":[150],"class_list":{"0":"post-2151","1":"product","2":"type-product","3":"status-publish","4":"has-post-thumbnail","6":"product_cat-relvad","7":"product_tag-150","9":"first","10":"instock","11":"shipping-taxable","12":"purchasable","13":"product-type-simple"},"yoast_head":"<!-- This site is optimized with the Yoast SEO plugin v25.5 - https:\/\/yoast.com\/wordpress\/plugins\/seo\/ -->\n<title>Desert Tech SRS-M2 - Vortex Eesti<\/title>\n<meta name=\"robots\" content=\"index, follow, max-snippet:-1, max-image-preview:large, max-video-preview:-1\" \/>\n<link rel=\"canonical\" href=\"https:\/\/vortexeesti.ee\/en\/shop\/relvad\/desert-tech-srs-m2\/\" \/>\n<meta property=\"og:locale\" content=\"en_US\" \/>\n<meta property=\"og:type\" content=\"article\" \/>\n<meta property=\"og:title\" content=\"Desert Tech SRS-M2 - Vortex Eesti\" \/>\n<meta property=\"og:description\" content=\"Sorry, this entry is only available in Eesti.Kaliibrivalik: .300 Remington Ultra Magnum, .300 Winchester Magnum .308 Winchester .338 Lapua Magnum 6,5 mm Creedmoor Relva pikkus 830 &#8211; 940 mm Relva kaal: 3990 &#8211; 4300 g Optikaliist t\u00e4isulatuses Picatinny kaldenurgaga 30 MOA Laes\u00e4\u00e4r alumine osa t\u00e4isulatuses Arca, kell 3, 6 ja 9 MLok P\u00e4\u00e4stik \u00fches\u00fcsteemne reguleerimisvahemikuga [&hellip;]\" \/>\n<meta property=\"og:url\" content=\"https:\/\/vortexeesti.ee\/en\/shop\/relvad\/desert-tech-srs-m2\/\" \/>\n<meta property=\"og:site_name\" content=\"Vortex Eesti\" \/>\n<meta property=\"article:modified_time\" content=\"2025-07-31T12:19:48+00:00\" \/>\n<meta property=\"og:image\" content=\"https:\/\/vortexeesti.ee\/wordpress\/wp-content\/uploads\/2023\/09\/Desert_Tech_Repetierbuechse_SRS_M2_-_Multi_Caliber_SW10349_1_600x600@2x.png\" \/>\n\t<meta property=\"og:image:width\" content=\"1198\" \/>\n\t<meta property=\"og:image:height\" content=\"1200\" \/>\n\t<meta property=\"og:image:type\" content=\"image\/png\" \/>\n<meta name=\"twitter:card\" content=\"summary_large_image\" \/>\n<meta name=\"twitter:label1\" content=\"Est. reading time\" \/>\n\t<meta name=\"twitter:data1\" content=\"1 minute\" \/>\n<script type=\"application\/ld+json\" class=\"yoast-schema-graph\">{\"@context\":\"https:\/\/schema.org\",\"@graph\":[{\"@type\":\"WebPage\",\"@id\":\"https:\/\/vortexeesti.ee\/en\/shop\/relvad\/desert-tech-srs-m2\/\",\"url\":\"https:\/\/vortexeesti.ee\/en\/shop\/relvad\/desert-tech-srs-m2\/\",\"name\":\"Desert Tech SRS-M2 - Vortex Eesti\",\"isPartOf\":{\"@id\":\"https:\/\/vortexeesti.ee\/en\/#website\"},\"primaryImageOfPage\":{\"@id\":\"https:\/\/vortexeesti.ee\/en\/shop\/relvad\/desert-tech-srs-m2\/#primaryimage\"},\"image\":{\"@id\":\"https:\/\/vortexeesti.ee\/shop\/relvad\/desert-tech-srs-m2\/#primaryimage\"},\"thumbnailUrl\":\"https:\/\/vortexeesti.ee\/wordpress\/wp-content\/uploads\/2023\/09\/Desert_Tech_Repetierbuechse_SRS_M2_-_Multi_Caliber_SW10349_1_600x600@2x.png\",\"datePublished\":\"2023-09-07T07:55:05+00:00\",\"dateModified\":\"2025-07-31T12:19:48+00:00\",\"breadcrumb\":{\"@id\":\"https:\/\/vortexeesti.ee\/en\/shop\/relvad\/desert-tech-srs-m2\/#breadcrumb\"},\"inLanguage\":\"en-US\",\"potentialAction\":[{\"@type\":\"ReadAction\",\"target\":[[\"https:\/\/vortexeesti.ee\/en\/shop\/relvad\/desert-tech-srs-m2\/\"]]}]},{\"@type\":\"ImageObject\",\"inLanguage\":\"en-US\",\"@id\":\"https:\/\/vortexeesti.ee\/en\/shop\/relvad\/desert-tech-srs-m2\/#primaryimage\",\"url\":\"https:\/\/vortexeesti.ee\/wordpress\/wp-content\/uploads\/2023\/09\/Desert_Tech_Repetierbuechse_SRS_M2_-_Multi_Caliber_SW10349_1_600x600@2x.png\",\"contentUrl\":\"https:\/\/vortexeesti.ee\/wordpress\/wp-content\/uploads\/2023\/09\/Desert_Tech_Repetierbuechse_SRS_M2_-_Multi_Caliber_SW10349_1_600x600@2x.png\",\"width\":1198,\"height\":1200},{\"@type\":\"BreadcrumbList\",\"@id\":\"https:\/\/vortexeesti.ee\/en\/shop\/relvad\/desert-tech-srs-m2\/#breadcrumb\",\"itemListElement\":[{\"@type\":\"ListItem\",\"position\":1,\"name\":\"Home\",\"item\":\"https:\/\/vortexeesti.ee\/en\/\"},{\"@type\":\"ListItem\",\"position\":2,\"name\":\"Pood\",\"item\":\"https:\/\/vortexeesti.ee\/en\/shop\/\"},{\"@type\":\"ListItem\",\"position\":3,\"name\":\"Desert Tech SRS-M2\"}]},{\"@type\":\"WebSite\",\"@id\":\"https:\/\/vortexeesti.ee\/en\/#website\",\"url\":\"https:\/\/vortexeesti.ee\/en\/\",\"name\":\"Vortex Eesti\",\"description\":\"Eesti\",\"potentialAction\":[{\"@type\":\"SearchAction\",\"target\":{\"@type\":\"EntryPoint\",\"urlTemplate\":\"https:\/\/vortexeesti.ee\/en\/?s={search_term_string}\"},\"query-input\":{\"@type\":\"PropertyValueSpecification\",\"valueRequired\":true,\"valueName\":\"search_term_string\"}}],\"inLanguage\":\"en-US\"}]}<\/script>\n<!-- \/ Yoast SEO plugin. -->","yoast_head_json":{"title":"Desert Tech SRS-M2 - Vortex Eesti","robots":{"index":"index","follow":"follow","max-snippet":"max-snippet:-1","max-image-preview":"max-image-preview:large","max-video-preview":"max-video-preview:-1"},"canonical":"https:\/\/vortexeesti.ee\/en\/shop\/relvad\/desert-tech-srs-m2\/","og_locale":"en_US","og_type":"article","og_title":"Desert Tech SRS-M2 - Vortex Eesti","og_description":"Sorry, this entry is only available in Eesti.Kaliibrivalik: .300 Remington Ultra Magnum, .300 Winchester Magnum .308 Winchester .338 Lapua Magnum 6,5 mm Creedmoor Relva pikkus 830 &#8211; 940 mm Relva kaal: 3990 &#8211; 4300 g Optikaliist t\u00e4isulatuses Picatinny kaldenurgaga 30 MOA Laes\u00e4\u00e4r alumine osa t\u00e4isulatuses Arca, kell 3, 6 ja 9 MLok P\u00e4\u00e4stik \u00fches\u00fcsteemne reguleerimisvahemikuga [&hellip;]","og_url":"https:\/\/vortexeesti.ee\/en\/shop\/relvad\/desert-tech-srs-m2\/","og_site_name":"Vortex Eesti","article_modified_time":"2025-07-31T12:19:48+00:00","og_image":[{"width":1198,"height":1200,"url":"https:\/\/vortexeesti.ee\/wordpress\/wp-content\/uploads\/2023\/09\/Desert_Tech_Repetierbuechse_SRS_M2_-_Multi_Caliber_SW10349_1_600x600@2x.png","type":"image\/png"}],"twitter_card":"summary_large_image","twitter_misc":{"Est. reading time":"1 minute"},"schema":{"@context":"https:\/\/schema.org","@graph":[{"@type":"WebPage","@id":"https:\/\/vortexeesti.ee\/en\/shop\/relvad\/desert-tech-srs-m2\/","url":"https:\/\/vortexeesti.ee\/en\/shop\/relvad\/desert-tech-srs-m2\/","name":"Desert Tech SRS-M2 - Vortex Eesti","isPartOf":{"@id":"https:\/\/vortexeesti.ee\/en\/#website"},"primaryImageOfPage":{"@id":"https:\/\/vortexeesti.ee\/en\/shop\/relvad\/desert-tech-srs-m2\/#primaryimage"},"image":{"@id":"https:\/\/vortexeesti.ee\/shop\/relvad\/desert-tech-srs-m2\/#primaryimage"},"thumbnailUrl":"https:\/\/vortexeesti.ee\/wordpress\/wp-content\/uploads\/2023\/09\/Desert_Tech_Repetierbuechse_SRS_M2_-_Multi_Caliber_SW10349_1_600x600@2x.png","datePublished":"2023-09-07T07:55:05+00:00","dateModified":"2025-07-31T12:19:48+00:00","breadcrumb":{"@id":"https:\/\/vortexeesti.ee\/en\/shop\/relvad\/desert-tech-srs-m2\/#breadcrumb"},"inLanguage":"en-US","potentialAction":[{"@type":"ReadAction","target":[["https:\/\/vortexeesti.ee\/en\/shop\/relvad\/desert-tech-srs-m2\/"]]}]},{"@type":"ImageObject","inLanguage":"en-US","@id":"https:\/\/vortexeesti.ee\/en\/shop\/relvad\/desert-tech-srs-m2\/#primaryimage","url":"https:\/\/vortexeesti.ee\/wordpress\/wp-content\/uploads\/2023\/09\/Desert_Tech_Repetierbuechse_SRS_M2_-_Multi_Caliber_SW10349_1_600x600@2x.png","contentUrl":"https:\/\/vortexeesti.ee\/wordpress\/wp-content\/uploads\/2023\/09\/Desert_Tech_Repetierbuechse_SRS_M2_-_Multi_Caliber_SW10349_1_600x600@2x.png","width":1198,"height":1200},{"@type":"BreadcrumbList","@id":"https:\/\/vortexeesti.ee\/en\/shop\/relvad\/desert-tech-srs-m2\/#breadcrumb","itemListElement":[{"@type":"ListItem","position":1,"name":"Home","item":"https:\/\/vortexeesti.ee\/en\/"},{"@type":"ListItem","position":2,"name":"Pood","item":"https:\/\/vortexeesti.ee\/en\/shop\/"},{"@type":"ListItem","position":3,"name":"Desert Tech SRS-M2"}]},{"@type":"WebSite","@id":"https:\/\/vortexeesti.ee\/en\/#website","url":"https:\/\/vortexeesti.ee\/en\/","name":"Vortex Eesti","description":"Eesti","potentialAction":[{"@type":"SearchAction","target":{"@type":"EntryPoint","urlTemplate":"https:\/\/vortexeesti.ee\/en\/?s={search_term_string}"},"query-input":{"@type":"PropertyValueSpecification","valueRequired":true,"valueName":"search_term_string"}}],"inLanguage":"en-US"}]}},"_links":{"self":[{"href":"https:\/\/vortexeesti.ee\/en\/wp-json\/wp\/v2\/product\/2151","targetHints":{"allow":["GET"]}}],"collection":[{"href":"https:\/\/vortexeesti.ee\/en\/wp-json\/wp\/v2\/product"}],"about":[{"href":"https:\/\/vortexeesti.ee\/en\/wp-json\/wp\/v2\/types\/product"}],"wp:featuredmedia":[{"embeddable":true,"href":"https:\/\/vortexeesti.ee\/en\/wp-json\/wp\/v2\/media\/2155"}],"wp:attachment":[{"href":"https:\/\/vortexeesti.ee\/en\/wp-json\/wp\/v2\/media?parent=2151"}],"wp:term":[{"taxonomy":"product_brand","embeddable":true,"href":"https:\/\/vortexeesti.ee\/en\/wp-json\/wp\/v2\/product_brand?post=2151"},{"taxonomy":"product_cat","embeddable":true,"href":"https:\/\/vortexeesti.ee\/en\/wp-json\/wp\/v2\/product_cat?post=2151"},{"taxonomy":"product_tag","embeddable":true,"href":"https:\/\/vortexeesti.ee\/en\/wp-json\/wp\/v2\/product_tag?post=2151"}],"curies":[{"name":"wp","href":"https:\/\/api.w.org\/{rel}","templated":true}]}}