{"id":1405,"date":"2020-03-18T20:37:57","date_gmt":"2020-03-18T18:37:57","guid":{"rendered":"https:\/\/vortexeesti.ee\/et\/?post_type=product&#038;p=1405"},"modified":"2024-02-17T21:02:06","modified_gmt":"2024-02-17T19:02:06","slug":"horisontaalne-meditsiinitarvikute-kott-mkii","status":"publish","type":"product","link":"https:\/\/vortexeesti.ee\/en\/shop\/maaramata\/horisontaalne-meditsiinitarvikute-kott-mkii\/","title":{"rendered":"Med Pouch Horizontal MK II"},"content":{"rendered":"<p>RAW MATERIAL Cordura\u00ae 500D<br \/>\nSIZE one-size-fits-all<br \/>\nWEIGHT [G] 260 g<br \/>\nDIMENSIONS [CM] 24 x 14 x 4 cm<br \/>\nSKU PO-MDH2-CD5<br \/>\nCOUNTRY OF MANUFACTURE Poland<\/p>\n<p>https:\/\/www.youtube.com\/watch?v=6fw1gEwGZnY<\/p>","protected":false},"excerpt":{"rendered":"<p class=\"qtranxs-available-languages-message qtranxs-available-languages-message-en\">Sorry, this entry is only available in <a href=\"https:\/\/vortexeesti.ee\/et\/wp-json\/wp\/v2\/product\/1405\" class=\"qtranxs-available-language-link qtranxs-available-language-link-et\" title=\"Eesti\">Eesti<\/a>.<\/p>\n<div class=\"main\">\n<section class=\"module module-super-small\">\n<div class=\"container product-main-content\">\n<div id=\"product-869\" class=\"post-869 product type-product status-publish has-post-thumbnail product_cat-direct-action-gear first instock shipping-taxable purchasable product-type-simple\">\n<div class=\"summary entry-summary\">\n<div class=\"woocommerce-product-details__short-description\">\n<p>Kaheosaline \u00f5huke horisontaalasendis kantav individuaalne esmaabikott on m\u00f5eldud kandmiseks kas plaadikandja k\u00fcljel v\u00f5i v\u00f6\u00f6l.<\/p>\n<\/div>\n<\/div>\n<\/div>\n<\/div>\n<\/section>\n<\/div>\n","protected":false},"featured_media":1417,"template":"","meta":{"_monsterinsights_skip_tracking":false,"_monsterinsights_sitenote_active":false,"_monsterinsights_sitenote_note":"","_monsterinsights_sitenote_category":0},"product_brand":[],"product_cat":[75],"product_tag":[150],"class_list":{"0":"post-1405","1":"product","2":"type-product","3":"status-publish","4":"has-post-thumbnail","6":"product_cat-maaramata","7":"product_tag-150","9":"first","10":"instock","11":"shipping-taxable","12":"purchasable","13":"product-type-variable"},"yoast_head":"<!-- This site is optimized with the Yoast SEO plugin v25.5 - https:\/\/yoast.com\/wordpress\/plugins\/seo\/ -->\n<title>Med Pouch Horizontal MK II - Vortex Eesti<\/title>\n<meta name=\"robots\" content=\"index, follow, max-snippet:-1, max-image-preview:large, max-video-preview:-1\" \/>\n<link rel=\"canonical\" href=\"https:\/\/vortexeesti.ee\/en\/shop\/direct-action-gear\/horisontaalne-meditsiinitarvikute-kott-mkii\/\" \/>\n<meta property=\"og:locale\" content=\"en_US\" \/>\n<meta property=\"og:type\" content=\"article\" \/>\n<meta property=\"og:title\" content=\"Med Pouch Horizontal MK II - Vortex Eesti\" \/>\n<meta property=\"og:description\" content=\"Kaheosaline \u00f5huke horisontaalasendis kantav individuaalne esmaabikott on m\u00f5eldud kandmiseks kas plaadikandja k\u00fcljel v\u00f5i v\u00f6\u00f6l.\" \/>\n<meta property=\"og:url\" content=\"https:\/\/vortexeesti.ee\/en\/shop\/direct-action-gear\/horisontaalne-meditsiinitarvikute-kott-mkii\/\" \/>\n<meta property=\"og:site_name\" content=\"Vortex Eesti\" \/>\n<meta property=\"article:modified_time\" content=\"2024-02-17T19:02:06+00:00\" \/>\n<meta property=\"og:image\" content=\"https:\/\/vortexeesti.ee\/wordpress\/wp-content\/uploads\/2020\/03\/PO-MDH2-CD5-CBR-insert-01.jpg\" \/>\n\t<meta property=\"og:image:width\" content=\"1080\" \/>\n\t<meta property=\"og:image:height\" content=\"1080\" \/>\n\t<meta property=\"og:image:type\" content=\"image\/jpeg\" \/>\n<meta name=\"twitter:card\" content=\"summary_large_image\" \/>\n<meta name=\"twitter:label1\" content=\"Est. reading time\" \/>\n\t<meta name=\"twitter:data1\" content=\"1 minute\" \/>\n<script type=\"application\/ld+json\" class=\"yoast-schema-graph\">{\"@context\":\"https:\/\/schema.org\",\"@graph\":[{\"@type\":\"WebPage\",\"@id\":\"https:\/\/vortexeesti.ee\/en\/shop\/direct-action-gear\/horisontaalne-meditsiinitarvikute-kott-mkii\/\",\"url\":\"https:\/\/vortexeesti.ee\/en\/shop\/direct-action-gear\/horisontaalne-meditsiinitarvikute-kott-mkii\/\",\"name\":\"Med Pouch Horizontal MK II - Vortex Eesti\",\"isPartOf\":{\"@id\":\"https:\/\/vortexeesti.ee\/en\/#website\"},\"primaryImageOfPage\":{\"@id\":\"https:\/\/vortexeesti.ee\/en\/shop\/direct-action-gear\/horisontaalne-meditsiinitarvikute-kott-mkii\/#primaryimage\"},\"image\":{\"@id\":\"https:\/\/vortexeesti.ee\/shop\/direct-action-gear\/horisontaalne-meditsiinitarvikute-kott-mkii\/#primaryimage\"},\"thumbnailUrl\":\"https:\/\/vortexeesti.ee\/wordpress\/wp-content\/uploads\/2020\/03\/PO-MDH2-CD5-CBR-insert-01.jpg\",\"datePublished\":\"2020-03-18T18:37:57+00:00\",\"dateModified\":\"2024-02-17T19:02:06+00:00\",\"breadcrumb\":{\"@id\":\"https:\/\/vortexeesti.ee\/en\/shop\/direct-action-gear\/horisontaalne-meditsiinitarvikute-kott-mkii\/#breadcrumb\"},\"inLanguage\":\"en-US\",\"potentialAction\":[{\"@type\":\"ReadAction\",\"target\":[[\"https:\/\/vortexeesti.ee\/en\/shop\/direct-action-gear\/horisontaalne-meditsiinitarvikute-kott-mkii\/\"]]}]},{\"@type\":\"ImageObject\",\"inLanguage\":\"en-US\",\"@id\":\"https:\/\/vortexeesti.ee\/en\/shop\/direct-action-gear\/horisontaalne-meditsiinitarvikute-kott-mkii\/#primaryimage\",\"url\":\"https:\/\/vortexeesti.ee\/wordpress\/wp-content\/uploads\/2020\/03\/PO-MDH2-CD5-CBR-insert-01.jpg\",\"contentUrl\":\"https:\/\/vortexeesti.ee\/wordpress\/wp-content\/uploads\/2020\/03\/PO-MDH2-CD5-CBR-insert-01.jpg\",\"width\":1080,\"height\":1080},{\"@type\":\"BreadcrumbList\",\"@id\":\"https:\/\/vortexeesti.ee\/en\/shop\/direct-action-gear\/horisontaalne-meditsiinitarvikute-kott-mkii\/#breadcrumb\",\"itemListElement\":[{\"@type\":\"ListItem\",\"position\":1,\"name\":\"Home\",\"item\":\"https:\/\/vortexeesti.ee\/en\/\"},{\"@type\":\"ListItem\",\"position\":2,\"name\":\"Pood\",\"item\":\"https:\/\/vortexeesti.ee\/en\/shop\/\"},{\"@type\":\"ListItem\",\"position\":3,\"name\":\"Horisontaalne meditsiinitarvikute kott MKII\"}]},{\"@type\":\"WebSite\",\"@id\":\"https:\/\/vortexeesti.ee\/en\/#website\",\"url\":\"https:\/\/vortexeesti.ee\/en\/\",\"name\":\"Vortex Eesti\",\"description\":\"Eesti\",\"potentialAction\":[{\"@type\":\"SearchAction\",\"target\":{\"@type\":\"EntryPoint\",\"urlTemplate\":\"https:\/\/vortexeesti.ee\/en\/?s={search_term_string}\"},\"query-input\":{\"@type\":\"PropertyValueSpecification\",\"valueRequired\":true,\"valueName\":\"search_term_string\"}}],\"inLanguage\":\"en-US\"}]}<\/script>\n<!-- \/ Yoast SEO plugin. -->","yoast_head_json":{"title":"Med Pouch Horizontal MK II - Vortex Eesti","robots":{"index":"index","follow":"follow","max-snippet":"max-snippet:-1","max-image-preview":"max-image-preview:large","max-video-preview":"max-video-preview:-1"},"canonical":"https:\/\/vortexeesti.ee\/en\/shop\/direct-action-gear\/horisontaalne-meditsiinitarvikute-kott-mkii\/","og_locale":"en_US","og_type":"article","og_title":"Med Pouch Horizontal MK II - Vortex Eesti","og_description":"Kaheosaline \u00f5huke horisontaalasendis kantav individuaalne esmaabikott on m\u00f5eldud kandmiseks kas plaadikandja k\u00fcljel v\u00f5i v\u00f6\u00f6l.","og_url":"https:\/\/vortexeesti.ee\/en\/shop\/direct-action-gear\/horisontaalne-meditsiinitarvikute-kott-mkii\/","og_site_name":"Vortex Eesti","article_modified_time":"2024-02-17T19:02:06+00:00","og_image":[{"width":1080,"height":1080,"url":"https:\/\/vortexeesti.ee\/wordpress\/wp-content\/uploads\/2020\/03\/PO-MDH2-CD5-CBR-insert-01.jpg","type":"image\/jpeg"}],"twitter_card":"summary_large_image","twitter_misc":{"Est. reading time":"1 minute"},"schema":{"@context":"https:\/\/schema.org","@graph":[{"@type":"WebPage","@id":"https:\/\/vortexeesti.ee\/en\/shop\/direct-action-gear\/horisontaalne-meditsiinitarvikute-kott-mkii\/","url":"https:\/\/vortexeesti.ee\/en\/shop\/direct-action-gear\/horisontaalne-meditsiinitarvikute-kott-mkii\/","name":"Med Pouch Horizontal MK II - Vortex Eesti","isPartOf":{"@id":"https:\/\/vortexeesti.ee\/en\/#website"},"primaryImageOfPage":{"@id":"https:\/\/vortexeesti.ee\/en\/shop\/direct-action-gear\/horisontaalne-meditsiinitarvikute-kott-mkii\/#primaryimage"},"image":{"@id":"https:\/\/vortexeesti.ee\/shop\/direct-action-gear\/horisontaalne-meditsiinitarvikute-kott-mkii\/#primaryimage"},"thumbnailUrl":"https:\/\/vortexeesti.ee\/wordpress\/wp-content\/uploads\/2020\/03\/PO-MDH2-CD5-CBR-insert-01.jpg","datePublished":"2020-03-18T18:37:57+00:00","dateModified":"2024-02-17T19:02:06+00:00","breadcrumb":{"@id":"https:\/\/vortexeesti.ee\/en\/shop\/direct-action-gear\/horisontaalne-meditsiinitarvikute-kott-mkii\/#breadcrumb"},"inLanguage":"en-US","potentialAction":[{"@type":"ReadAction","target":[["https:\/\/vortexeesti.ee\/en\/shop\/direct-action-gear\/horisontaalne-meditsiinitarvikute-kott-mkii\/"]]}]},{"@type":"ImageObject","inLanguage":"en-US","@id":"https:\/\/vortexeesti.ee\/en\/shop\/direct-action-gear\/horisontaalne-meditsiinitarvikute-kott-mkii\/#primaryimage","url":"https:\/\/vortexeesti.ee\/wordpress\/wp-content\/uploads\/2020\/03\/PO-MDH2-CD5-CBR-insert-01.jpg","contentUrl":"https:\/\/vortexeesti.ee\/wordpress\/wp-content\/uploads\/2020\/03\/PO-MDH2-CD5-CBR-insert-01.jpg","width":1080,"height":1080},{"@type":"BreadcrumbList","@id":"https:\/\/vortexeesti.ee\/en\/shop\/direct-action-gear\/horisontaalne-meditsiinitarvikute-kott-mkii\/#breadcrumb","itemListElement":[{"@type":"ListItem","position":1,"name":"Home","item":"https:\/\/vortexeesti.ee\/en\/"},{"@type":"ListItem","position":2,"name":"Pood","item":"https:\/\/vortexeesti.ee\/en\/shop\/"},{"@type":"ListItem","position":3,"name":"Horisontaalne meditsiinitarvikute kott MKII"}]},{"@type":"WebSite","@id":"https:\/\/vortexeesti.ee\/en\/#website","url":"https:\/\/vortexeesti.ee\/en\/","name":"Vortex Eesti","description":"Eesti","potentialAction":[{"@type":"SearchAction","target":{"@type":"EntryPoint","urlTemplate":"https:\/\/vortexeesti.ee\/en\/?s={search_term_string}"},"query-input":{"@type":"PropertyValueSpecification","valueRequired":true,"valueName":"search_term_string"}}],"inLanguage":"en-US"}]}},"_links":{"self":[{"href":"https:\/\/vortexeesti.ee\/en\/wp-json\/wp\/v2\/product\/1405","targetHints":{"allow":["GET"]}}],"collection":[{"href":"https:\/\/vortexeesti.ee\/en\/wp-json\/wp\/v2\/product"}],"about":[{"href":"https:\/\/vortexeesti.ee\/en\/wp-json\/wp\/v2\/types\/product"}],"wp:featuredmedia":[{"embeddable":true,"href":"https:\/\/vortexeesti.ee\/en\/wp-json\/wp\/v2\/media\/1417"}],"wp:attachment":[{"href":"https:\/\/vortexeesti.ee\/en\/wp-json\/wp\/v2\/media?parent=1405"}],"wp:term":[{"taxonomy":"product_brand","embeddable":true,"href":"https:\/\/vortexeesti.ee\/en\/wp-json\/wp\/v2\/product_brand?post=1405"},{"taxonomy":"product_cat","embeddable":true,"href":"https:\/\/vortexeesti.ee\/en\/wp-json\/wp\/v2\/product_cat?post=1405"},{"taxonomy":"product_tag","embeddable":true,"href":"https:\/\/vortexeesti.ee\/en\/wp-json\/wp\/v2\/product_tag?post=1405"}],"curies":[{"name":"wp","href":"https:\/\/api.w.org\/{rel}","templated":true}]}}