{"id":1329,"date":"2019-11-28T13:55:46","date_gmt":"2019-11-28T11:55:46","guid":{"rendered":"https:\/\/vortexeesti.ee\/et\/?post_type=product&#038;p=1329"},"modified":"2024-02-17T21:02:07","modified_gmt":"2024-02-17T19:02:07","slug":"gunfighter-softshell-jope","status":"publish","type":"product","link":"https:\/\/vortexeesti.ee\/en\/shop\/maaramata\/gunfighter-softshell-jope\/","title":{"rendered":"Gunfighter Softshell Jacket"},"content":{"rendered":"<p class=\"qtranxs-available-languages-message qtranxs-available-languages-message-en\">Sorry, this entry is only available in <a href=\"https:\/\/vortexeesti.ee\/et\/wp-json\/wp\/v2\/product\/1329\" class=\"qtranxs-available-language-link qtranxs-available-language-link-et\" title=\"Eesti\">Eesti<\/a>.<\/p><p><\/p>\n<ul>\n<li>vastupidav kangas<\/li>\n<li>hingavus: 8000g\/m<sup>2<\/sup>\/24h<\/li>\n<li>Kahes suunas liikuv esiosa YKK<sup>\u00ae<\/sup> l\u00f5uakaitsega lukk<\/li>\n<li>Krae sisse peidetav reguleeritav kapuuts kahesuunalise lukuga<\/li>\n<li>Kaenlaalustel avatav lukk paremaks \u00f5hu juurep\u00e4\u00e4suks<\/li>\n<li>lukuga rinnatasku kaabli l\u00e4biviiguga<\/li>\n<li>luuga alataskud<\/li>\n<li>k\u00fc\u00fcnarvartel l\u00e4biviiguga taskud<\/li>\n<li>Velcroga suletav sisetasku<\/li>\n<li>Tugevdusega k\u00fc\u00fcnarnukid<\/li>\n<li>alaosa reguleeritav kummipaelaga<\/li>\n<li>YKK\u00ae lukud<\/li>\n<li>materjali 100 % pol\u00fcester<\/li>\n<li>kaal(g)\u00a0 972<\/li>\n<\/ul>\n<p><iframe loading=\"lazy\" title=\"Helikon-Tex - Gunfighter\" width=\"980\" height=\"551\" src=\"https:\/\/www.youtube.com\/embed\/kiXl9nnvws4?feature=oembed\" frameborder=\"0\" allow=\"accelerometer; autoplay; clipboard-write; encrypted-media; gyroscope; picture-in-picture; web-share\" allowfullscreen><\/iframe><\/p>\n<ul>\n<li>High durability<\/li>\n<li>Breathability: 8000g\/m<sup>2<\/sup>\/24h<\/li>\n<li>Front two-way YKK<sup>\u00ae<\/sup>\u00a0zipper with chin guard<\/li>\n<li>Collar-stowed, adjustable hood<\/li>\n<li>Hood pocket with two-way zipper<\/li>\n<li>Armpit ventilation zippers<\/li>\n<li>Velcro personalization panels on upper sleeves<\/li>\n<li>Two upper sleeve pockets with wiring eyelet<\/li>\n<li>Velcro-closed internal breast pocket<\/li>\n<li>Lower back channel pocket, zippered at either end<\/li>\n<li>Two outer breast pockets with wiring eyelets, D-Rings and device slots<\/li>\n<li>Zippered lower left sleeve pocket<\/li>\n<li>Reinforced profiled elbows<\/li>\n<li>Partly elastic, velcro-adjustable cuffs<\/li>\n<li>Bottom elastic drawstring for individual fit<\/li>\n<li>YKK<sup>\u00ae<\/sup>\u00a0zippers<\/li>\n<li>Weight [g] 972<\/li>\n<li>Material 100% Polyester<\/li>\n<\/ul>\n<p><iframe loading=\"lazy\" title=\"Helikon-Tex - Gunfighter\" width=\"980\" height=\"551\" src=\"https:\/\/www.youtube.com\/embed\/kiXl9nnvws4?feature=oembed\" frameborder=\"0\" allow=\"accelerometer; autoplay; clipboard-write; encrypted-media; gyroscope; picture-in-picture; web-share\" allowfullscreen><\/iframe><\/p>\n<p>&nbsp;<\/p>\n<p>&nbsp;","protected":false},"excerpt":{"rendered":"<p>Sorry, this entry is only available in Eesti. vastupidav kangas hingavus: 8000g\/m2\/24h Kahes suunas liikuv esiosa YKK\u00ae l\u00f5uakaitsega lukk Krae sisse peidetav reguleeritav kapuuts kahesuunalise lukuga Kaenlaalustel avatav lukk paremaks \u00f5hu juurep\u00e4\u00e4suks lukuga rinnatasku kaabli l\u00e4biviiguga luuga alataskud k\u00fc\u00fcnarvartel l\u00e4biviiguga taskud Velcroga suletav sisetasku Tugevdusega k\u00fc\u00fcnarnukid alaosa reguleeritav kummipaelaga YKK\u00ae lukud materjali 100 % pol\u00fcester [&hellip;]<\/p>\n","protected":false},"featured_media":1371,"template":"","meta":{"_monsterinsights_skip_tracking":false,"_monsterinsights_sitenote_active":false,"_monsterinsights_sitenote_note":"","_monsterinsights_sitenote_category":0},"product_brand":[],"product_cat":[75],"product_tag":[150],"class_list":{"0":"post-1329","1":"product","2":"type-product","3":"status-publish","4":"has-post-thumbnail","6":"product_cat-maaramata","7":"product_tag-150","9":"first","10":"outofstock","11":"shipping-taxable","12":"purchasable","13":"product-type-variable"},"yoast_head":"<!-- This site is optimized with the Yoast SEO plugin v25.5 - https:\/\/yoast.com\/wordpress\/plugins\/seo\/ -->\n<title>Gunfighter Softshell Jacket - Vortex Eesti<\/title>\n<meta name=\"robots\" content=\"index, follow, max-snippet:-1, max-image-preview:large, max-video-preview:-1\" \/>\n<link rel=\"canonical\" href=\"https:\/\/vortexeesti.ee\/en\/shop\/helikon-tex\/gunfighter-softshell-jope\/\" \/>\n<meta property=\"og:locale\" content=\"en_US\" \/>\n<meta property=\"og:type\" content=\"article\" \/>\n<meta property=\"og:title\" content=\"Gunfighter Softshell Jacket - Vortex Eesti\" \/>\n<meta property=\"og:description\" content=\"Sorry, this entry is only available in Eesti. vastupidav kangas hingavus: 8000g\/m2\/24h Kahes suunas liikuv esiosa YKK\u00ae l\u00f5uakaitsega lukk Krae sisse peidetav reguleeritav kapuuts kahesuunalise lukuga Kaenlaalustel avatav lukk paremaks \u00f5hu juurep\u00e4\u00e4suks lukuga rinnatasku kaabli l\u00e4biviiguga luuga alataskud k\u00fc\u00fcnarvartel l\u00e4biviiguga taskud Velcroga suletav sisetasku Tugevdusega k\u00fc\u00fcnarnukid alaosa reguleeritav kummipaelaga YKK\u00ae lukud materjali 100 % pol\u00fcester [&hellip;]\" \/>\n<meta property=\"og:url\" content=\"https:\/\/vortexeesti.ee\/en\/shop\/helikon-tex\/gunfighter-softshell-jope\/\" \/>\n<meta property=\"og:site_name\" content=\"Vortex Eesti\" \/>\n<meta property=\"article:modified_time\" content=\"2024-02-17T19:02:07+00:00\" \/>\n<meta property=\"og:image\" content=\"https:\/\/vortexeesti.ee\/wordpress\/wp-content\/uploads\/2019\/11\/71caaFWQRKL._UX679_.jpg\" \/>\n\t<meta property=\"og:image:width\" content=\"679\" \/>\n\t<meta property=\"og:image:height\" content=\"679\" \/>\n\t<meta property=\"og:image:type\" content=\"image\/jpeg\" \/>\n<meta name=\"twitter:card\" content=\"summary_large_image\" \/>\n<meta name=\"twitter:label1\" content=\"Est. reading time\" \/>\n\t<meta name=\"twitter:data1\" content=\"1 minute\" \/>\n<script type=\"application\/ld+json\" class=\"yoast-schema-graph\">{\"@context\":\"https:\/\/schema.org\",\"@graph\":[{\"@type\":\"WebPage\",\"@id\":\"https:\/\/vortexeesti.ee\/en\/shop\/helikon-tex\/gunfighter-softshell-jope\/\",\"url\":\"https:\/\/vortexeesti.ee\/en\/shop\/helikon-tex\/gunfighter-softshell-jope\/\",\"name\":\"Gunfighter Softshell Jacket - Vortex Eesti\",\"isPartOf\":{\"@id\":\"https:\/\/vortexeesti.ee\/en\/#website\"},\"primaryImageOfPage\":{\"@id\":\"https:\/\/vortexeesti.ee\/en\/shop\/helikon-tex\/gunfighter-softshell-jope\/#primaryimage\"},\"image\":{\"@id\":\"https:\/\/vortexeesti.ee\/shop\/helikon-tex\/gunfighter-softshell-jope\/#primaryimage\"},\"thumbnailUrl\":\"https:\/\/vortexeesti.ee\/wordpress\/wp-content\/uploads\/2019\/11\/71caaFWQRKL._UX679_.jpg\",\"datePublished\":\"2019-11-28T11:55:46+00:00\",\"dateModified\":\"2024-02-17T19:02:07+00:00\",\"breadcrumb\":{\"@id\":\"https:\/\/vortexeesti.ee\/en\/shop\/helikon-tex\/gunfighter-softshell-jope\/#breadcrumb\"},\"inLanguage\":\"en-US\",\"potentialAction\":[{\"@type\":\"ReadAction\",\"target\":[[\"https:\/\/vortexeesti.ee\/en\/shop\/helikon-tex\/gunfighter-softshell-jope\/\"]]}]},{\"@type\":\"ImageObject\",\"inLanguage\":\"en-US\",\"@id\":\"https:\/\/vortexeesti.ee\/en\/shop\/helikon-tex\/gunfighter-softshell-jope\/#primaryimage\",\"url\":\"https:\/\/vortexeesti.ee\/wordpress\/wp-content\/uploads\/2019\/11\/71caaFWQRKL._UX679_.jpg\",\"contentUrl\":\"https:\/\/vortexeesti.ee\/wordpress\/wp-content\/uploads\/2019\/11\/71caaFWQRKL._UX679_.jpg\",\"width\":679,\"height\":679},{\"@type\":\"BreadcrumbList\",\"@id\":\"https:\/\/vortexeesti.ee\/en\/shop\/helikon-tex\/gunfighter-softshell-jope\/#breadcrumb\",\"itemListElement\":[{\"@type\":\"ListItem\",\"position\":1,\"name\":\"Home\",\"item\":\"https:\/\/vortexeesti.ee\/en\/\"},{\"@type\":\"ListItem\",\"position\":2,\"name\":\"Pood\",\"item\":\"https:\/\/vortexeesti.ee\/en\/shop\/\"},{\"@type\":\"ListItem\",\"position\":3,\"name\":\"Gunfighter Softshell jope\"}]},{\"@type\":\"WebSite\",\"@id\":\"https:\/\/vortexeesti.ee\/en\/#website\",\"url\":\"https:\/\/vortexeesti.ee\/en\/\",\"name\":\"Vortex Eesti\",\"description\":\"Eesti\",\"potentialAction\":[{\"@type\":\"SearchAction\",\"target\":{\"@type\":\"EntryPoint\",\"urlTemplate\":\"https:\/\/vortexeesti.ee\/en\/?s={search_term_string}\"},\"query-input\":{\"@type\":\"PropertyValueSpecification\",\"valueRequired\":true,\"valueName\":\"search_term_string\"}}],\"inLanguage\":\"en-US\"}]}<\/script>\n<!-- \/ Yoast SEO plugin. -->","yoast_head_json":{"title":"Gunfighter Softshell Jacket - Vortex Eesti","robots":{"index":"index","follow":"follow","max-snippet":"max-snippet:-1","max-image-preview":"max-image-preview:large","max-video-preview":"max-video-preview:-1"},"canonical":"https:\/\/vortexeesti.ee\/en\/shop\/helikon-tex\/gunfighter-softshell-jope\/","og_locale":"en_US","og_type":"article","og_title":"Gunfighter Softshell Jacket - Vortex Eesti","og_description":"Sorry, this entry is only available in Eesti. vastupidav kangas hingavus: 8000g\/m2\/24h Kahes suunas liikuv esiosa YKK\u00ae l\u00f5uakaitsega lukk Krae sisse peidetav reguleeritav kapuuts kahesuunalise lukuga Kaenlaalustel avatav lukk paremaks \u00f5hu juurep\u00e4\u00e4suks lukuga rinnatasku kaabli l\u00e4biviiguga luuga alataskud k\u00fc\u00fcnarvartel l\u00e4biviiguga taskud Velcroga suletav sisetasku Tugevdusega k\u00fc\u00fcnarnukid alaosa reguleeritav kummipaelaga YKK\u00ae lukud materjali 100 % pol\u00fcester [&hellip;]","og_url":"https:\/\/vortexeesti.ee\/en\/shop\/helikon-tex\/gunfighter-softshell-jope\/","og_site_name":"Vortex Eesti","article_modified_time":"2024-02-17T19:02:07+00:00","og_image":[{"width":679,"height":679,"url":"https:\/\/vortexeesti.ee\/wordpress\/wp-content\/uploads\/2019\/11\/71caaFWQRKL._UX679_.jpg","type":"image\/jpeg"}],"twitter_card":"summary_large_image","twitter_misc":{"Est. reading time":"1 minute"},"schema":{"@context":"https:\/\/schema.org","@graph":[{"@type":"WebPage","@id":"https:\/\/vortexeesti.ee\/en\/shop\/helikon-tex\/gunfighter-softshell-jope\/","url":"https:\/\/vortexeesti.ee\/en\/shop\/helikon-tex\/gunfighter-softshell-jope\/","name":"Gunfighter Softshell Jacket - Vortex Eesti","isPartOf":{"@id":"https:\/\/vortexeesti.ee\/en\/#website"},"primaryImageOfPage":{"@id":"https:\/\/vortexeesti.ee\/en\/shop\/helikon-tex\/gunfighter-softshell-jope\/#primaryimage"},"image":{"@id":"https:\/\/vortexeesti.ee\/shop\/helikon-tex\/gunfighter-softshell-jope\/#primaryimage"},"thumbnailUrl":"https:\/\/vortexeesti.ee\/wordpress\/wp-content\/uploads\/2019\/11\/71caaFWQRKL._UX679_.jpg","datePublished":"2019-11-28T11:55:46+00:00","dateModified":"2024-02-17T19:02:07+00:00","breadcrumb":{"@id":"https:\/\/vortexeesti.ee\/en\/shop\/helikon-tex\/gunfighter-softshell-jope\/#breadcrumb"},"inLanguage":"en-US","potentialAction":[{"@type":"ReadAction","target":[["https:\/\/vortexeesti.ee\/en\/shop\/helikon-tex\/gunfighter-softshell-jope\/"]]}]},{"@type":"ImageObject","inLanguage":"en-US","@id":"https:\/\/vortexeesti.ee\/en\/shop\/helikon-tex\/gunfighter-softshell-jope\/#primaryimage","url":"https:\/\/vortexeesti.ee\/wordpress\/wp-content\/uploads\/2019\/11\/71caaFWQRKL._UX679_.jpg","contentUrl":"https:\/\/vortexeesti.ee\/wordpress\/wp-content\/uploads\/2019\/11\/71caaFWQRKL._UX679_.jpg","width":679,"height":679},{"@type":"BreadcrumbList","@id":"https:\/\/vortexeesti.ee\/en\/shop\/helikon-tex\/gunfighter-softshell-jope\/#breadcrumb","itemListElement":[{"@type":"ListItem","position":1,"name":"Home","item":"https:\/\/vortexeesti.ee\/en\/"},{"@type":"ListItem","position":2,"name":"Pood","item":"https:\/\/vortexeesti.ee\/en\/shop\/"},{"@type":"ListItem","position":3,"name":"Gunfighter Softshell jope"}]},{"@type":"WebSite","@id":"https:\/\/vortexeesti.ee\/en\/#website","url":"https:\/\/vortexeesti.ee\/en\/","name":"Vortex Eesti","description":"Eesti","potentialAction":[{"@type":"SearchAction","target":{"@type":"EntryPoint","urlTemplate":"https:\/\/vortexeesti.ee\/en\/?s={search_term_string}"},"query-input":{"@type":"PropertyValueSpecification","valueRequired":true,"valueName":"search_term_string"}}],"inLanguage":"en-US"}]}},"_links":{"self":[{"href":"https:\/\/vortexeesti.ee\/en\/wp-json\/wp\/v2\/product\/1329","targetHints":{"allow":["GET"]}}],"collection":[{"href":"https:\/\/vortexeesti.ee\/en\/wp-json\/wp\/v2\/product"}],"about":[{"href":"https:\/\/vortexeesti.ee\/en\/wp-json\/wp\/v2\/types\/product"}],"wp:featuredmedia":[{"embeddable":true,"href":"https:\/\/vortexeesti.ee\/en\/wp-json\/wp\/v2\/media\/1371"}],"wp:attachment":[{"href":"https:\/\/vortexeesti.ee\/en\/wp-json\/wp\/v2\/media?parent=1329"}],"wp:term":[{"taxonomy":"product_brand","embeddable":true,"href":"https:\/\/vortexeesti.ee\/en\/wp-json\/wp\/v2\/product_brand?post=1329"},{"taxonomy":"product_cat","embeddable":true,"href":"https:\/\/vortexeesti.ee\/en\/wp-json\/wp\/v2\/product_cat?post=1329"},{"taxonomy":"product_tag","embeddable":true,"href":"https:\/\/vortexeesti.ee\/en\/wp-json\/wp\/v2\/product_tag?post=1329"}],"curies":[{"name":"wp","href":"https:\/\/api.w.org\/{rel}","templated":true}]}}